{"id":154,"date":"2025-09-01T04:05:47","date_gmt":"2025-09-01T04:05:47","guid":{"rendered":"https:\/\/tigerpalace.pro\/?page_id=154"},"modified":"2025-09-01T04:05:47","modified_gmt":"2025-09-01T04:05:47","slug":"privacy-policy","status":"publish","type":"page","link":"https:\/\/tigerpalace.pro\/vi\/privacy-policy\/","title":{"rendered":"Ch\u00ednh s\u00e1ch b\u1ea3o m\u1eadt"},"content":{"rendered":"<p>C\u1eadp nh\u1eadt l\u1ea7n cu\u1ed1i: ng\u00e0y 01 th\u00e1ng 9 n\u0103m 2025<\/p>\n\n\n\n<p>Ch\u00ednh s\u00e1ch b\u1ea3o m\u1eadt n\u00e0y (\u201cCh\u00ednh s\u00e1ch\u201d) gi\u1ea3i th\u00edch c\u00e1ch th\u1ee9c SOUTH ASIA LINKS LTD. (\u201cC\u00f4ng ty\u201d, \u201cch\u00fang t\u00f4i\u201d), \u0111\u01b0\u1ee3c th\u00e0nh l\u1eadp theo \u0110\u1ea1o lu\u1eadt C\u00f4ng ty Labuan n\u0103m 1990, Malaysia, thu th\u1eadp, s\u1eed d\u1ee5ng, chia s\u1ebb, l\u01b0u tr\u1eef v\u00e0 b\u1ea3o v\u1ec7 th\u00f4ng tin c\u00e1 nh\u00e2n c\u1ee7a ng\u01b0\u1eddi d\u00f9ng (\u201cb\u1ea1n\u201d, \u201cNg\u01b0\u1eddi d\u00f9ng\u201d) khi b\u1ea1n truy c\u1eadp trang web, n\u1ec1n t\u1ea3ng v\u00e0 c\u00e1c d\u1ecbch v\u1ee5 li\u00ean quan c\u1ee7a ch\u00fang t\u00f4i.<\/p>\n\n\n\n<p>B\u1eb1ng c\u00e1ch s\u1eed d\u1ee5ng trang web ho\u1eb7c d\u1ecbch v\u1ee5, b\u1ea1n \u0111\u1ed3ng \u00fd v\u1edbi Ch\u00ednh s\u00e1ch n\u00e0y, \u0110i\u1ec1u kho\u1ea3n &amp; \u0110i\u1ec1u ki\u1ec7n v\u00e0 Ch\u00ednh s\u00e1ch AML\/CTF c\u1ee7a ch\u00fang t\u00f4i.<\/p>\n\n\n\n<h2 class=\"wp-block-heading\">1) Ph\u1ea1m vi<\/h2>\n\n\n\n<p>Ch\u00ednh s\u00e1ch n\u00e0y \u00e1p d\u1ee5ng cho th\u00f4ng tin \u0111\u01b0\u1ee3c thu th\u1eadp th\u00f4ng qua trang web v\u00e0 n\u1ec1n t\u1ea3ng c\u1ee7a ch\u00fang t\u00f4i (bao g\u1ed3m t\u1ea1o t\u00e0i kho\u1ea3n, x\u00e1c minh KYC\/AML, h\u1ed7 tr\u1ee3, ti\u1ebfp th\u1ecb v\u00e0 c\u00e1c s\u1ef1 ki\u1ec7n do ch\u00fang t\u00f4i t\u1ed5 ch\u1ee9c). Ch\u00ednh s\u00e1ch n\u00e0y kh\u00f4ng \u00e1p d\u1ee5ng cho th\u00f4ng tin \u0111\u01b0\u1ee3c thu th\u1eadp ngo\u1ea1i tuy\u1ebfn b\u1edfi c\u00e1c b\u00ean th\u1ee9 ba v\u1eadn h\u00e0nh c\u00e1c trang web ho\u1eb7c d\u1ecbch v\u1ee5 ri\u00eang c\u1ee7a h\u1ecd.<\/p>\n\n\n\n<h2 class=\"wp-block-heading\">2) Nh\u1eefng g\u00ec ch\u00fang t\u00f4i thu th\u1eadp<\/h2>\n\n\n\n<p><strong>A. Th\u00f4ng tin b\u1ea1n cung c\u1ea5p<\/strong> (ph\u1ee5 thu\u1ed9c v\u00e0o ng\u1eef c\u1ea3nh):<\/p>\n\n\n\n<ul class=\"wp-block-list\">\n<li>Th\u00f4ng tin c\u00e1 nh\u00e2n v\u00e0 li\u00ean h\u1ec7: h\u1ecd t\u00ean \u0111\u1ea7y \u0111\u1ee7, ng\u00e0y sinh, qu\u1ed1c t\u1ecbch, \u0111\u1ecba ch\u1ec9 th\u01b0\u1eddng tr\u00fa, email, s\u1ed1 \u0111i\u1ec7n tho\u1ea1i.<\/li>\n\n\n\n<li>Th\u00f4ng tin t\u00e0i kho\u1ea3n: t\u00ean ng\u01b0\u1eddi d\u00f9ng, m\u1eadt kh\u1ea9u, \u0111\u1ecba ch\u1ec9 v\u00ed.<\/li>\n\n\n\n<li>X\u00e1c minh (KYC\/AML): gi\u1ea5y t\u1edd t\u00f9y th\u00e2n do ch\u00ednh ph\u1ee7 c\u1ea5p (h\u1ed9 chi\u1ebfu\/CMND\/gi\u1ea5y ph\u00e9p l\u00e1i xe), b\u1eb1ng ch\u1ee9ng \u0111\u1ecba ch\u1ec9, m\u00e3 s\u1ed1 thu\u1ebf, th\u00f4ng tin th\u1ecb th\u1ef1c, ngu\u1ed3n ti\u1ec1n v\u00e0 t\u00e0i s\u1ea3n (v\u00ed d\u1ee5: l\u01b0\u01a1ng, thu nh\u1eadp kinh doanh, b\u00e1n t\u00e0i s\u1ea3n, th\u1eeba k\u1ebf), th\u00f4ng tin vi\u1ec7c l\u00e0m, th\u00f4ng tin ch\u1ee7 s\u1edf h\u1eefu th\u1ef1c s\u1ef1 (\u0111\u1ed1i v\u1edbi c\u00e1c t\u1ed5 ch\u1ee9c), t\u00ecnh tr\u1ea1ng PEP, v\u00e0\u2014n\u1ebfu c\u00f3 li\u00ean quan\u2014tuy\u00ean b\u1ed1 v\u1ec1 ti\u1ec1n \u00e1n ti\u1ec1n s\u1ef1 theo lu\u1eadt hi\u1ec7n h\u00e0nh.<\/li>\n\n\n\n<li>T\u00e0i ch\u00ednh\/Thanh to\u00e1n: chi ti\u1ebft ph\u01b0\u01a1ng th\u1ee9c thanh to\u00e1n (\u0111\u01b0\u1ee3c x\u1eed l\u00fd th\u00f4ng qua c\u00e1c nh\u00e0 cung c\u1ea5p d\u1ecbch v\u1ee5 thanh to\u00e1n tu\u00e2n th\u1ee7 quy \u0111\u1ecbnh); m\u00e3 \u0111\u1ecbnh danh ng\u00e2n h\u00e0ng\/v\u00ed \u0111i\u1ec7n t\u1eed c\u1ea7n thi\u1ebft \u0111\u1ec3 ho\u00e0n t\u1ea5t giao d\u1ecbch.<\/li>\n\n\n\n<li>Th\u00f4ng tin li\u00ean l\u1ea1c: tin nh\u1eafn g\u1eedi b\u1ed9 ph\u1eadn h\u1ed7 tr\u1ee3, ph\u1ea3n h\u1ed3i kh\u1ea3o s\u00e1t, t\u1ec7p\/t\u1ec7p \u0111\u00ednh k\u00e8m \u0111\u00e3 t\u1ea3i l\u00ean (v\u00ed d\u1ee5: h\u00ecnh \u1ea3nh ho\u1eb7c \u1ea3nh ch\u1ee5p m\u00e0n h\u00ecnh).<\/li>\n<\/ul>\n\n\n\n<p><strong>B. Th\u00f4ng tin \u0111\u01b0\u1ee3c thu th\u1eadp t\u1ef1 \u0111\u1ed9ng<br><\/strong>\u0110\u1ecba ch\u1ec9 IP, \u0111\u1eb7c \u0111i\u1ec3m thi\u1ebft b\u1ecb v\u00e0 tr\u00ecnh duy\u1ec7t, h\u1ec7 \u0111i\u1ec1u h\u00e0nh, ng\u00f4n ng\u1eef, trang tham chi\u1ebfu\/trang tho\u00e1t, d\u1ea5u th\u1eddi gian, d\u1eef li\u1ec7u lu\u1ed3ng nh\u1ea5p chu\u1ed9t, v\u1ecb tr\u00ed chung (c\u1ea5p qu\u1ed1c gia\/th\u00e0nh ph\u1ed1), nh\u1eadt k\u00fd s\u1eed d\u1ee5ng, s\u1ef1 ki\u1ec7n t\u01b0\u01a1ng t\u00e1c. Ch\u00fang t\u00f4i c\u0169ng s\u1eed d\u1ee5ng cookie, pixel v\u00e0 c\u00e1c c\u00f4ng ngh\u1ec7 t\u01b0\u01a1ng t\u1ef1 (xem \u201cCookie &amp; Theo d\u00f5i\u201d).<\/p>\n\n\n\n<p><strong>C. D\u1eef li\u1ec7u t\u1eeb b\u00ean th\u1ee9 ba \/ ngu\u1ed3n c\u00f4ng khai<br><\/strong>C\u00e1c nh\u00e0 cung c\u1ea5p d\u1ecbch v\u1ee5 KYC\/AML, c\u01a1 s\u1edf d\u1eef li\u1ec7u ph\u00f2ng ch\u1ed1ng gian l\u1eadn, chu\u1ed7i kh\u1ed1i c\u00f4ng khai, c\u00e1c ngu\u1ed3n th\u00f4ng tin c\u00f4ng khai v\u00e0 c\u00e1c nh\u00e0 cung c\u1ea5p d\u1ecbch v\u1ee5 h\u1ed7 tr\u1ee3 ho\u1ea1t \u0111\u1ed9ng c\u1ee7a ch\u00fang t\u00f4i.<\/p>\n\n\n\n<h2 class=\"wp-block-heading\">3) C\u00e1ch ch\u00fang t\u00f4i s\u1eed d\u1ee5ng th\u00f4ng tin c\u1ee7a b\u1ea1n<\/h2>\n\n\n\n<ul class=\"wp-block-list\">\n<li><strong>Cung c\u1ea5p v\u00e0 v\u1eadn h\u00e0nh c\u00e1c d\u1ecbch v\u1ee5:<\/strong> T\u1ea1o t\u00e0i kho\u1ea3n, x\u00e1c minh danh t\u00ednh, h\u1ed7 tr\u1ee3 m\u00e3 h\u00f3a token, c\u00e1c t\u00ednh n\u0103ng l\u01b0u k\u00fd\/kh\u00f4ng l\u01b0u k\u00fd, b\u1ea3ng \u0111i\u1ec1u khi\u1ec3n danh m\u1ee5c \u0111\u1ea7u t\u01b0, ph\u00e2n ph\u1ed1i.<\/li>\n\n\n\n<li><strong>Tu\u00e2n th\u1ee7 v\u00e0 b\u1ea3o m\u1eadt:<\/strong> X\u00e1c minh danh t\u00ednh\/ch\u1ed1ng r\u1eeda ti\u1ec1n\/ch\u1ed1ng t\u00e0i tr\u1ee3 kh\u1ee7ng b\u1ed1, s\u00e0ng l\u1ecdc l\u1ec7nh tr\u1eebng ph\u1ea1t, ph\u00e1t hi\u1ec7n gian l\u1eadn, gi\u00e1m s\u00e1t r\u1ee7i ro, y\u00eau c\u1ea7u h\u1ee3p ph\u00e1p.<\/li>\n\n\n\n<li><strong>Th\u00f4ng tin li\u00ean l\u1ea1c:<\/strong> Th\u00f4ng b\u00e1o d\u1ecbch v\u1ee5, c\u1eadp nh\u1eadt, h\u1ed7 tr\u1ee3 kh\u00e1ch h\u00e0ng, email giao d\u1ecbch; ti\u1ebfp th\u1ecb t\u00f9y ch\u1ecdn (n\u1ebfu \u0111\u01b0\u1ee3c ph\u00e9p).<\/li>\n\n\n\n<li><strong>C\u1ea3i ti\u1ebfn v\u00e0 ph\u00e2n t\u00edch:<\/strong> Ph\u00e2n t\u00edch s\u1eed d\u1ee5ng, kh\u1eafc ph\u1ee5c s\u1ef1 c\u1ed1, ph\u00e1t tri\u1ec3n s\u1ea3n ph\u1ea9m, hi\u1ec7u su\u1ea5t trang web.<\/li>\n\n\n\n<li><strong>H\u1ee3p \u0111\u1ed3ng v\u00e0 ngh\u0129a v\u1ee5 ph\u00e1p l\u00fd:<\/strong> \u0110\u1ec3 th\u1ef1c hi\u1ec7n c\u00e1c th\u1ecfa thu\u1eadn v\u1edbi b\u1ea1n v\u00e0 \u0111\u00e1p \u1ee9ng c\u00e1c y\u00eau c\u1ea7u ph\u00e1p l\u00fd hi\u1ec7n h\u00e0nh.<\/li>\n<\/ul>\n\n\n\n<h2 class=\"wp-block-heading\">4) C\u01a1 s\u1edf ph\u00e1p l\u00fd cho vi\u1ec7c x\u1eed l\u00fd d\u1eef li\u1ec7u (GDPR\/GDPR c\u1ee7a V\u01b0\u01a1ng qu\u1ed1c Anh n\u1ebfu c\u00f3)<\/h2>\n\n\n\n<ul class=\"wp-block-list\">\n<li><strong>B\u1eb1ng l\u00f2ng<\/strong> (v\u00ed d\u1ee5: m\u1ed9t s\u1ed1 t\u00ednh n\u0103ng ti\u1ebfp th\u1ecb ho\u1eb7c t\u00f9y ch\u1ecdn).<\/li>\n\n\n\n<li><strong>Th\u1ef1c hi\u1ec7n h\u1ee3p \u0111\u1ed3ng<\/strong> (v\u00ed d\u1ee5: t\u1ea1o v\u00e0 v\u1eadn h\u00e0nh t\u00e0i kho\u1ea3n c\u1ee7a b\u1ea1n, h\u1ed7 tr\u1ee3 c\u00e1c giao d\u1ecbch).<\/li>\n\n\n\n<li><strong>Ngh\u0129a v\u1ee5 ph\u00e1p l\u00fd<\/strong> (v\u00ed d\u1ee5: ch\u1ed1ng r\u1eeda ti\u1ec1n\/ch\u1ed1ng t\u00e0i tr\u1ee3 kh\u1ee7ng b\u1ed1, thu\u1ebf, k\u1ebf to\u00e1n).<\/li>\n\n\n\n<li><strong>L\u1ee3i \u00edch ch\u00ednh \u0111\u00e1ng<\/strong> (v\u00ed d\u1ee5: b\u1ea3o m\u1eadt n\u1ec1n t\u1ea3ng, ph\u00f2ng ch\u1ed1ng gian l\u1eadn, c\u1ea3i thi\u1ec7n d\u1ecbch v\u1ee5), \u0111\u01b0\u1ee3c c\u00e2n b\u1eb1ng v\u1edbi c\u00e1c quy\u1ec1n v\u00e0 k\u1ef3 v\u1ecdng c\u1ee7a b\u1ea1n.<\/li>\n\n\n\n<li><strong>L\u1ee3i \u00edch thi\u1ebft y\u1ebfu<\/strong> (Hi\u1ebfm g\u1eb7p; v\u00ed d\u1ee5: \u0111\u1ec3 ng\u0103n ng\u1eeba t\u00e1c h\u1ea1i).<\/li>\n<\/ul>\n\n\n\n<h2 class=\"wp-block-heading\">5) Cookie v\u00e0 Theo d\u00f5i<\/h2>\n\n\n\n<p>Ch\u00fang t\u00f4i s\u1eed d\u1ee5ng cookie\/pixel \u0111\u1ec3 ghi nh\u1edb t\u00f9y ch\u1ecdn, c\u1ea3i thi\u1ec7n tr\u1ea3i nghi\u1ec7m ng\u01b0\u1eddi d\u00f9ng, b\u1ea3o m\u1eadt phi\u00ean l\u00e0m vi\u1ec7c v\u00e0 ph\u00e2n t\u00edch ho\u1ea1t \u0111\u1ed9ng. B\u1ea1n c\u00f3 th\u1ec3 qu\u1ea3n l\u00fd cookie trong tr\u00ecnh duy\u1ec7t c\u1ee7a m\u00ecnh; m\u1ed9t s\u1ed1 t\u00ednh n\u0103ng c\u00f3 th\u1ec3 kh\u00f4ng ho\u1ea1t \u0111\u1ed9ng n\u1ebfu cookie b\u1ecb v\u00f4 hi\u1ec7u h\u00f3a. Xem Th\u00f4ng b\u00e1o v\u1ec1 Cookie c\u1ee7a ch\u00fang t\u00f4i (n\u1ebfu c\u00f3) \u0111\u1ec3 bi\u1ebft th\u00eam chi ti\u1ebft.<\/p>\n\n\n\n<h2 class=\"wp-block-heading\">6) Chia s\u1ebb &amp; C\u00f4ng khai<\/h2>\n\n\n\n<ul class=\"wp-block-list\">\n<li>Ch\u00fang t\u00f4i l\u00e0m <strong>kh\u00f4ng<\/strong> B\u00e1n ho\u1eb7c cho thu\u00ea d\u1eef li\u1ec7u c\u00e1 nh\u00e2n c\u1ee7a b\u1ea1n. Ch\u00fang t\u00f4i c\u00f3 th\u1ec3 chia s\u1ebb th\u00f4ng tin v\u1edbi:<\/li>\n\n\n\n<li><strong>C\u00e1c nh\u00e0 cung c\u1ea5p d\u1ecbch v\u1ee5 v\u00e0 \u0111\u01a1n v\u1ecb x\u1eed l\u00fd d\u1eef li\u1ec7u:<\/strong> C\u00e1c nh\u00e0 cung c\u1ea5p d\u1ecbch v\u1ee5 KYC\/AML, d\u1ecbch v\u1ee5 l\u01b0u tr\u1eef\/CNTT, ph\u00e2n t\u00edch d\u1eef li\u1ec7u, x\u1eed l\u00fd thanh to\u00e1n, email v\u00e0 c\u00e1c c\u00f4ng c\u1ee5 h\u1ed7 tr\u1ee3\u2014ph\u1ea3i tu\u00e2n th\u1ee7 c\u00e1c \u0111i\u1ec1u kho\u1ea3n v\u1ec1 b\u1ea3o m\u1eadt v\u00e0 x\u1eed l\u00fd d\u1eef li\u1ec7u.<\/li>\n\n\n\n<li><strong>C\u00e1c \u0111\u1ed1i t\u00e1c\/chi nh\u00e1nh<\/strong> H\u1ed7 tr\u1ee3 trong vi\u1ec7c cung c\u1ea5p d\u1ecbch v\u1ee5, tu\u00e2n theo Ch\u00ednh s\u00e1ch n\u00e0y.<\/li>\n\n\n\n<li><strong>C\u01a1 quan qu\u1ea3n l\u00fd, c\u01a1 quan th\u1ef1c thi ph\u00e1p lu\u1eadt ho\u1eb7c ch\u00ednh quy\u1ec1n<\/strong> khi \u0111\u01b0\u1ee3c y\u00eau c\u1ea7u theo quy \u0111\u1ecbnh c\u1ee7a ph\u00e1p lu\u1eadt ho\u1eb7c quy tr\u00ecnh ph\u00e1p l\u00fd h\u1ee3p l\u1ec7.<\/li>\n\n\n\n<li><strong>Giao d\u1ecbch doanh nghi\u1ec7p<\/strong>: s\u00e1p nh\u1eadp, mua l\u1ea1i, t\u00e1i c\u1ea5u tr\u00fac (d\u1eef li\u1ec7u v\u1eabn \u0111\u01b0\u1ee3c b\u1ea3o v\u1ec7 ph\u00f9 h\u1ee3p v\u1edbi Ch\u00ednh s\u00e1ch n\u00e0y).<\/li>\n<\/ul>\n\n\n\n<p>C\u00e1c li\u00ean k\u1ebft \u0111\u1ebfn c\u00e1c trang web c\u1ee7a b\u00ean th\u1ee9 ba \u0111\u01b0\u1ee3c cung c\u1ea5p ch\u1ec9 nh\u1eb1m m\u1ee5c \u0111\u00edch thu\u1eadn ti\u1ec7n; ch\u00ednh s\u00e1ch b\u1ea3o m\u1eadt c\u1ee7a h\u1ecd l\u00e0 c\u1ee7a ri\u00eang h\u1ecd \u2014 vui l\u00f2ng xem x\u00e9t ch\u00ednh s\u00e1ch tr\u1ef1c ti\u1ebfp c\u1ee7a h\u1ecd.<\/p>\n\n\n\n<h2 class=\"wp-block-heading\">7) Chuy\u1ec3n kho\u1ea3n qu\u1ed1c t\u1ebf<\/h2>\n\n\n\n<p>Th\u00f4ng tin c\u1ee7a b\u1ea1n c\u00f3 th\u1ec3 \u0111\u01b0\u1ee3c x\u1eed l\u00fd \u1edf c\u00e1c qu\u1ed1c gia kh\u00e1c ngo\u00e0i qu\u1ed1c gia c\u1ee7a b\u1ea1n. Khi c\u1ea7n thi\u1ebft, ch\u00fang t\u00f4i s\u1ebd \u00e1p d\u1ee5ng c\u00e1c bi\u1ec7n ph\u00e1p b\u1ea3o v\u1ec7 th\u00edch h\u1ee3p (v\u00ed d\u1ee5: c\u00e1c \u0111i\u1ec1u kho\u1ea3n h\u1ee3p \u0111\u1ed3ng) \u0111\u1ec3 b\u1ea3o v\u1ec7 d\u1eef li\u1ec7u c\u1ee7a b\u1ea1n trong qu\u00e1 tr\u00ecnh chuy\u1ec3n d\u1eef li\u1ec7u xuy\u00ean bi\u00ean gi\u1edbi.<\/p>\n\n\n\n<h2 class=\"wp-block-heading\">8) L\u01b0u tr\u1eef d\u1eef li\u1ec7u<\/h2>\n\n\n\n<p>Ch\u00fang t\u00f4i ch\u1ec9 l\u01b0u gi\u1eef d\u1eef li\u1ec7u c\u00e1 nh\u00e2n trong th\u1eddi gian c\u1ea7n thi\u1ebft cho c\u00e1c m\u1ee5c \u0111\u00edch \u0111\u01b0\u1ee3c n\u00eau trong Ch\u00ednh s\u00e1ch n\u00e0y, \u0111\u1ec3 \u0111\u00e1p \u1ee9ng c\u00e1c y\u00eau c\u1ea7u ph\u00e1p l\u00fd\/quy \u0111\u1ecbnh (bao g\u1ed3m c\u1ea3 vi\u1ec7c l\u01b0u gi\u1eef h\u1ed3 s\u01a1 ch\u1ed1ng r\u1eeda ti\u1ec1n), gi\u1ea3i quy\u1ebft tranh ch\u1ea5p v\u00e0 th\u1ef1c thi c\u00e1c th\u1ecfa thu\u1eadn. Sau th\u1eddi gian l\u01b0u gi\u1eef, d\u1eef li\u1ec7u s\u1ebd \u0111\u01b0\u1ee3c x\u00f3a an to\u00e0n ho\u1eb7c \u1ea9n danh h\u00f3a.<\/p>\n\n\n\n<h2 class=\"wp-block-heading\">9) An ninh<\/h2>\n\n\n\n<p>Ch\u00fang t\u00f4i s\u1eed d\u1ee5ng c\u00e1c bi\u1ec7n ph\u00e1p k\u1ef9 thu\u1eadt v\u00e0 t\u1ed5 ch\u1ee9c\u2014m\u00e3 h\u00f3a, ki\u1ec3m so\u00e1t truy c\u1eadp, b\u1ea3o v\u1ec7 m\u1ea1ng, ki\u1ec3m to\u00e1n\u2014\u0111\u1ec3 b\u1ea3o v\u1ec7 th\u00f4ng tin. B\u1ea1n ch\u1ecbu tr\u00e1ch nhi\u1ec7m duy tr\u00ec t\u00ednh b\u1ea3o m\u1eadt c\u1ee7a th\u00f4ng tin \u0111\u0103ng nh\u1eadp t\u00e0i kho\u1ea3n v\u00e0, n\u1ebfu c\u00f3, kh\u00f3a v\u00ed t\u1ef1 qu\u1ea3n l\u00fd c\u1ee7a m\u00ecnh.<\/p>\n\n\n\n<h2 class=\"wp-block-heading\">10) Quy\u1ec1n c\u1ee7a b\u1ea1n<\/h2>\n\n\n\n<p>T\u00f9y thu\u1ed9c v\u00e0o khu v\u1ef1c ph\u00e1p l\u00fd c\u1ee7a b\u1ea1n, b\u1ea1n c\u00f3 th\u1ec3 c\u00f3 c\u00e1c quy\u1ec1n sau:<\/p>\n\n\n\n<ul class=\"wp-block-list\">\n<li>Truy c\u1eadp d\u1eef li\u1ec7u c\u1ee7a b\u1ea1n v\u00e0 nh\u1eadn b\u1ea3n sao.<\/li>\n\n\n\n<li>S\u1eeda ch\u1eefa d\u1eef li\u1ec7u kh\u00f4ng ch\u00ednh x\u00e1c ho\u1eb7c kh\u00f4ng \u0111\u1ea7y \u0111\u1ee7.<\/li>\n\n\n\n<li>X\u00f3a d\u1eef li\u1ec7u (tu\u00e2n theo quy \u0111\u1ecbnh ph\u00e1p lu\u1eadt v\u1ec1 l\u01b0u gi\u1eef).<\/li>\n\n\n\n<li>H\u1ea1n ch\u1ebf ho\u1eb7c ph\u1ea3n \u0111\u1ed1i m\u1ed9t s\u1ed1 ho\u1ea1t \u0111\u1ed9ng x\u1eed l\u00fd d\u1eef li\u1ec7u nh\u1ea5t \u0111\u1ecbnh.<\/li>\n\n\n\n<li>Kh\u1ea3 n\u0103ng chuy\u1ec3n \u0111\u1ed5i d\u1eef li\u1ec7u (\u0111\u1ecbnh d\u1ea1ng c\u00f3 c\u1ea5u tr\u00fac, th\u00f4ng d\u1ee5ng, n\u1ebfu c\u00f3).<\/li>\n\n\n\n<li>B\u1ea1n c\u00f3 th\u1ec3 r\u00fat l\u1ea1i s\u1ef1 \u0111\u1ed3ng \u00fd b\u1ea5t c\u1ee9 l\u00fac n\u00e0o (\u0111i\u1ec1u n\u00e0y kh\u00f4ng \u1ea3nh h\u01b0\u1edfng \u0111\u1ebfn vi\u1ec7c x\u1eed l\u00fd d\u1eef li\u1ec7u h\u1ee3p ph\u00e1p tr\u01b0\u1edbc \u0111\u00f3).<\/li>\n\n\n\n<li>H\u00e3y khi\u1ebfu n\u1ea1i v\u1edbi c\u01a1 quan b\u1ea3o v\u1ec7 d\u1eef li\u1ec7u (v\u00ed d\u1ee5: c\u00e1c c\u01a1 quan c\u1ee7a EU\/Anh\/Th\u1ee5y S\u0129).<\/li>\n<\/ul>\n\n\n\n<p><strong>C\u01b0 d\u00e2n California (CCPA\/CPRA)<\/strong> c\u0169ng c\u00f3 th\u1ec3 y\u00eau c\u1ea7u:<\/p>\n\n\n\n<ul class=\"wp-block-list\">\n<li>Ti\u1ebft l\u1ed9 c\u00e1c lo\u1ea1i\/th\u00f4ng tin c\u00e1 nh\u00e2n c\u1ee5 th\u1ec3 \u0111\u01b0\u1ee3c thu th\u1eadp;<\/li>\n\n\n\n<li>X\u00f3a th\u00f4ng tin c\u00e1 nh\u00e2n (c\u00f3 m\u1ed9t s\u1ed1 ngo\u1ea1i l\u1ec7);<\/li>\n\n\n\n<li>\u0110\u1ec3 t\u1eeb ch\u1ed1i vi\u1ec7c \u201cb\u00e1n\u201d ho\u1eb7c \u201cchia s\u1ebb\u201d th\u00f4ng tin c\u00e1 nh\u00e2n (ch\u00fang t\u00f4i kh\u00f4ng \u201cb\u00e1n\u201d d\u1eef li\u1ec7u c\u00e1 nh\u00e2n theo \u0111\u1ecbnh ngh\u0129a c\u1ee7a CCPA).<\/li>\n<\/ul>\n\n\n\n<p>Ch\u00fang t\u00f4i s\u1ebd ph\u1ea3n h\u1ed3i c\u00e1c y\u00eau c\u1ea7u h\u1ee3p l\u1ec7 trong th\u1eddi h\u1ea1n do ph\u00e1p lu\u1eadt quy \u0111\u1ecbnh. \u0110\u1ec3 th\u1ef1c hi\u1ec7n c\u00e1c quy\u1ec1n c\u1ee7a b\u1ea1n, vui l\u00f2ng li\u00ean h\u1ec7 v\u1edbi ch\u00fang t\u00f4i (xem m\u1ee5c \u201cLi\u00ean h\u1ec7 v\u1edbi ch\u00fang t\u00f4i\u201d).<\/p>\n\n\n\n<h2 class=\"wp-block-heading\">11) Y\u00eau c\u1ea7u v\u1ec1 \u0111\u1ed9 tu\u1ed5i<\/h2>\n\n\n\n<p>C\u00e1c d\u1ecbch v\u1ee5 n\u00e0y d\u00e0nh cho c\u00e1 nh\u00e2n. <strong>18+<\/strong>Ch\u00fang t\u00f4i kh\u00f4ng c\u1ed1 \u00fd thu th\u1eadp th\u00f4ng tin c\u00e1 nh\u00e2n t\u1eeb ng\u01b0\u1eddi d\u01b0\u1edbi 18 tu\u1ed5i. N\u1ebfu b\u1ea1n tin r\u1eb1ng ng\u01b0\u1eddi ch\u01b0a \u0111\u1ee7 tu\u1ed5i \u0111\u00e3 cung c\u1ea5p d\u1eef li\u1ec7u, h\u00e3y li\u00ean h\u1ec7 v\u1edbi ch\u00fang t\u00f4i v\u00e0 ch\u00fang t\u00f4i s\u1ebd th\u1ef1c hi\u1ec7n c\u00e1c bi\u1ec7n ph\u00e1p th\u00edch h\u1ee3p.<\/p>\n\n\n\n<h2 class=\"wp-block-heading\">12) Quy\u1ebft \u0111\u1ecbnh t\u1ef1 \u0111\u1ed9ng &amp; L\u1eadp h\u1ed3 s\u01a1<\/h2>\n\n\n\n<p>N\u1ebfu ch\u00fang ta s\u1eed d\u1ee5ng quy tr\u00ecnh ra quy\u1ebft \u0111\u1ecbnh t\u1ef1 \u0111\u1ed9ng (v\u00ed d\u1ee5: ch\u1ea5m \u0111i\u1ec3m r\u1ee7i ro AML), ch\u00fang ta s\u1ebd \u0111\u1ea3m b\u1ea3o r\u1eb1ng n\u00f3 l\u00e0 c\u1ea7n thi\u1ebft v\u00e0 ph\u00f9 h\u1ee3p, v\u00e0\u2014trong tr\u01b0\u1eddng h\u1ee3p ph\u00e1p lu\u1eadt y\u00eau c\u1ea7u\u2014cung c\u1ea5p c\u00e1c k\u00eanh \u0111\u1ec3 xem x\u00e9t ho\u1eb7c can thi\u1ec7p c\u1ee7a con ng\u01b0\u1eddi.<\/p>\n\n\n\n<p>13) Th\u00f4ng tin t\u00e0i kho\u1ea3n &amp; L\u1ef1a ch\u1ecdn<\/p>\n\n\n\n<p>B\u1ea1n c\u00f3 th\u1ec3 xem l\u1ea1i v\u00e0 c\u1eadp nh\u1eadt m\u1ed9t s\u1ed1 chi ti\u1ebft t\u00e0i kho\u1ea3n trong h\u1ed3 s\u01a1 c\u1ee7a m\u00ecnh. N\u1ebfu b\u1ea1n ch\u1ecdn \u0111\u00f3ng t\u00e0i kho\u1ea3n, ch\u00fang t\u00f4i s\u1ebd v\u00f4 hi\u1ec7u h\u00f3a ho\u1eb7c x\u00f3a t\u00e0i kho\u1ea3n \u0111\u00f3 kh\u1ecfi h\u1ec7 th\u1ed1ng ho\u1ea1t \u0111\u1ed9ng; m\u1ed9t s\u1ed1 d\u1eef li\u1ec7u c\u00f3 th\u1ec3 \u0111\u01b0\u1ee3c gi\u1eef l\u1ea1i theo quy \u0111\u1ecbnh ho\u1eb7c y\u00eau c\u1ea7u c\u1ee7a ph\u00e1p lu\u1eadt (v\u00ed d\u1ee5: ch\u1ed1ng r\u1eeda ti\u1ec1n, ph\u00f2ng ch\u1ed1ng gian l\u1eadn, tu\u00e2n th\u1ee7 quy \u0111\u1ecbnh).<\/p>\n\n\n\n<p>\u0110\u1ed1i v\u1edbi email qu\u1ea3ng c\u00e1o, b\u1ea1n c\u00f3 th\u1ec3 h\u1ee7y \u0111\u0103ng k\u00fd b\u1ea5t c\u1ee9 l\u00fac n\u00e0o th\u00f4ng qua li\u00ean k\u1ebft trong email ho\u1eb7c b\u1eb1ng c\u00e1ch li\u00ean h\u1ec7 v\u1edbi ch\u00fang t\u00f4i.<\/p>\n\n\n\n<h2 class=\"wp-block-heading\">14) Nh\u1eefng thay \u0111\u1ed5i \u0111\u1ed1i v\u1edbi Ch\u00ednh s\u00e1ch n\u00e0y<\/h2>\n\n\n\n<p>Ch\u00fang t\u00f4i c\u00f3 th\u1ec3 c\u1eadp nh\u1eadt Ch\u00ednh s\u00e1ch n\u00e0y theo th\u1eddi gian. C\u00e1c b\u1ea3n c\u1eadp nh\u1eadt s\u1ebd xu\u1ea5t hi\u1ec7n t\u1ea1i \u0111\u00e2y v\u1edbi ng\u00e0y \u201cC\u1eadp nh\u1eadt l\u1ea7n cu\u1ed1i\u201d \u0111\u01b0\u1ee3c s\u1eeda \u0111\u1ed5i. Vi\u1ec7c b\u1ea1n ti\u1ebfp t\u1ee5c s\u1eed d\u1ee5ng sau khi c\u1eadp nh\u1eadt \u0111\u1ed3ng ngh\u0129a v\u1edbi vi\u1ec7c b\u1ea1n ch\u1ea5p nh\u1eadn Ch\u00ednh s\u00e1ch \u0111\u00e3 \u0111\u01b0\u1ee3c s\u1eeda \u0111\u1ed5i.<\/p>\n\n\n\n<h2 class=\"wp-block-heading\">15) Li\u00ean h\u1ec7 v\u1edbi ch\u00fang t\u00f4i<\/h2>\n\n\n\n<p>C\u00d4NG TY TNHH LI\u00caN K\u1ebeT NAM \u00c1<br>Ph\u00f2ng l\u00e0m vi\u1ec7c 1677, T\u1ea7ng 16(A)<br>T\u00f2a nh\u00e0 v\u0103n ph\u00f2ng ch\u00ednh, Khu ph\u1ee9c h\u1ee3p Financial Park, Labuan<br>\u0110\u01b0\u1eddng Merdeka, 87000, WP Labuan, Malaysia<br>Email: vipdesk@tigerpalace.vip<\/p>","protected":false},"excerpt":{"rendered":"<p>Last Updated: 01 September 2025 This Privacy Policy (\u201cPolicy\u201d) explains how SOUTH ASIA LINKS LTD. (\u201cCompany\u201d, \u201cwe\u201d, \u201cus\u201d), incorporated under the Labuan Companies Act 1990, Malaysia, collects, uses, shares, stores, and protects personal information of users (\u201cyou\u201d, \u201cUsers\u201d) when you access our website, platform, and related services. By using the website or services, you consent [&hellip;]<\/p>","protected":false},"author":1,"featured_media":0,"parent":0,"menu_order":0,"comment_status":"closed","ping_status":"closed","template":"","meta":{"footnotes":""},"class_list":["post-154","page","type-page","status-publish","hentry"],"acf":[],"yoast_head":"<!-- This site is optimized with the Yoast SEO plugin v26.9 - https:\/\/yoast.com\/product\/yoast-seo-wordpress\/ -->\n<title>Privacy Policy - Tiger Palace<\/title>\n<meta name=\"robots\" content=\"index, follow, max-snippet:-1, max-image-preview:large, max-video-preview:-1\" \/>\n<link rel=\"canonical\" href=\"https:\/\/tigerpalace.pro\/vi\/privacy-policy\/\" \/>\n<meta property=\"og:locale\" content=\"vi_VN\" \/>\n<meta property=\"og:type\" content=\"article\" \/>\n<meta property=\"og:title\" content=\"Privacy Policy - Tiger Palace\" \/>\n<meta property=\"og:description\" content=\"Last Updated: 01 September 2025 This Privacy Policy (\u201cPolicy\u201d) explains how SOUTH ASIA LINKS LTD. (\u201cCompany\u201d, \u201cwe\u201d, \u201cus\u201d), incorporated under the Labuan Companies Act 1990, Malaysia, collects, uses, shares, stores, and protects personal information of users (\u201cyou\u201d, \u201cUsers\u201d) when you access our website, platform, and related services. By using the website or services, you consent [&hellip;]\" \/>\n<meta property=\"og:url\" content=\"https:\/\/tigerpalace.pro\/vi\/privacy-policy\/\" \/>\n<meta property=\"og:site_name\" content=\"Tiger Palace\" \/>\n<meta name=\"twitter:card\" content=\"summary_large_image\" \/>\n<meta name=\"twitter:label1\" content=\"\u01af\u1edbc t\u00ednh th\u1eddi gian \u0111\u1ecdc\" \/>\n\t<meta name=\"twitter:data1\" content=\"5 ph\u00fat\" \/>\n<script type=\"application\/ld+json\" class=\"yoast-schema-graph\">{\"@context\":\"https:\/\/schema.org\",\"@graph\":[{\"@type\":\"WebPage\",\"@id\":\"https:\/\/tigerpalace.pro\/privacy-policy\/\",\"url\":\"https:\/\/tigerpalace.pro\/privacy-policy\/\",\"name\":\"Privacy Policy - Tiger Palace\",\"isPartOf\":{\"@id\":\"https:\/\/tigerpalace.pro\/#website\"},\"datePublished\":\"2025-09-01T04:05:47+00:00\",\"breadcrumb\":{\"@id\":\"https:\/\/tigerpalace.pro\/privacy-policy\/#breadcrumb\"},\"inLanguage\":\"vi\",\"potentialAction\":[{\"@type\":\"ReadAction\",\"target\":[\"https:\/\/tigerpalace.pro\/privacy-policy\/\"]}]},{\"@type\":\"BreadcrumbList\",\"@id\":\"https:\/\/tigerpalace.pro\/privacy-policy\/#breadcrumb\",\"itemListElement\":[{\"@type\":\"ListItem\",\"position\":1,\"name\":\"Home\",\"item\":\"https:\/\/tigerpalace.pro\/\"},{\"@type\":\"ListItem\",\"position\":2,\"name\":\"Privacy Policy\"}]},{\"@type\":\"WebSite\",\"@id\":\"https:\/\/tigerpalace.pro\/#website\",\"url\":\"https:\/\/tigerpalace.pro\/\",\"name\":\"Tiger Palace\",\"description\":\"\",\"publisher\":{\"@id\":\"https:\/\/tigerpalace.pro\/#organization\"},\"potentialAction\":[{\"@type\":\"SearchAction\",\"target\":{\"@type\":\"EntryPoint\",\"urlTemplate\":\"https:\/\/tigerpalace.pro\/?s={search_term_string}\"},\"query-input\":{\"@type\":\"PropertyValueSpecification\",\"valueRequired\":true,\"valueName\":\"search_term_string\"}}],\"inLanguage\":\"vi\"},{\"@type\":\"Organization\",\"@id\":\"https:\/\/tigerpalace.pro\/#organization\",\"name\":\"Tiger Palace\",\"url\":\"https:\/\/tigerpalace.pro\/\",\"logo\":{\"@type\":\"ImageObject\",\"inLanguage\":\"vi\",\"@id\":\"https:\/\/tigerpalace.pro\/#\/schema\/logo\/image\/\",\"url\":\"https:\/\/tigerpalace.pro\/wp-content\/uploads\/2025\/08\/tiger-palace-logo.png\",\"contentUrl\":\"https:\/\/tigerpalace.pro\/wp-content\/uploads\/2025\/08\/tiger-palace-logo.png\",\"width\":480,\"height\":452,\"caption\":\"Tiger Palace\"},\"image\":{\"@id\":\"https:\/\/tigerpalace.pro\/#\/schema\/logo\/image\/\"}}]}<\/script>\n<!-- \/ Yoast SEO plugin. -->","yoast_head_json":{"title":"Privacy Policy - Tiger Palace","robots":{"index":"index","follow":"follow","max-snippet":"max-snippet:-1","max-image-preview":"max-image-preview:large","max-video-preview":"max-video-preview:-1"},"canonical":"https:\/\/tigerpalace.pro\/vi\/privacy-policy\/","og_locale":"vi_VN","og_type":"article","og_title":"Privacy Policy - Tiger Palace","og_description":"Last Updated: 01 September 2025 This Privacy Policy (\u201cPolicy\u201d) explains how SOUTH ASIA LINKS LTD. (\u201cCompany\u201d, \u201cwe\u201d, \u201cus\u201d), incorporated under the Labuan Companies Act 1990, Malaysia, collects, uses, shares, stores, and protects personal information of users (\u201cyou\u201d, \u201cUsers\u201d) when you access our website, platform, and related services. By using the website or services, you consent [&hellip;]","og_url":"https:\/\/tigerpalace.pro\/vi\/privacy-policy\/","og_site_name":"Tiger Palace","twitter_card":"summary_large_image","twitter_misc":{"\u01af\u1edbc t\u00ednh th\u1eddi gian \u0111\u1ecdc":"5 ph\u00fat"},"schema":{"@context":"https:\/\/schema.org","@graph":[{"@type":"WebPage","@id":"https:\/\/tigerpalace.pro\/privacy-policy\/","url":"https:\/\/tigerpalace.pro\/privacy-policy\/","name":"Privacy Policy - Tiger Palace","isPartOf":{"@id":"https:\/\/tigerpalace.pro\/#website"},"datePublished":"2025-09-01T04:05:47+00:00","breadcrumb":{"@id":"https:\/\/tigerpalace.pro\/privacy-policy\/#breadcrumb"},"inLanguage":"vi","potentialAction":[{"@type":"ReadAction","target":["https:\/\/tigerpalace.pro\/privacy-policy\/"]}]},{"@type":"BreadcrumbList","@id":"https:\/\/tigerpalace.pro\/privacy-policy\/#breadcrumb","itemListElement":[{"@type":"ListItem","position":1,"name":"Home","item":"https:\/\/tigerpalace.pro\/"},{"@type":"ListItem","position":2,"name":"Privacy Policy"}]},{"@type":"WebSite","@id":"https:\/\/tigerpalace.pro\/#website","url":"https:\/\/tigerpalace.pro\/","name":"Tiger Palace","description":"","publisher":{"@id":"https:\/\/tigerpalace.pro\/#organization"},"potentialAction":[{"@type":"SearchAction","target":{"@type":"EntryPoint","urlTemplate":"https:\/\/tigerpalace.pro\/?s={search_term_string}"},"query-input":{"@type":"PropertyValueSpecification","valueRequired":true,"valueName":"search_term_string"}}],"inLanguage":"vi"},{"@type":"Organization","@id":"https:\/\/tigerpalace.pro\/#organization","name":"Tiger Palace","url":"https:\/\/tigerpalace.pro\/","logo":{"@type":"ImageObject","inLanguage":"vi","@id":"https:\/\/tigerpalace.pro\/#\/schema\/logo\/image\/","url":"https:\/\/tigerpalace.pro\/wp-content\/uploads\/2025\/08\/tiger-palace-logo.png","contentUrl":"https:\/\/tigerpalace.pro\/wp-content\/uploads\/2025\/08\/tiger-palace-logo.png","width":480,"height":452,"caption":"Tiger Palace"},"image":{"@id":"https:\/\/tigerpalace.pro\/#\/schema\/logo\/image\/"}}]}},"_links":{"self":[{"href":"https:\/\/tigerpalace.pro\/vi\/wp-json\/wp\/v2\/pages\/154","targetHints":{"allow":["GET"]}}],"collection":[{"href":"https:\/\/tigerpalace.pro\/vi\/wp-json\/wp\/v2\/pages"}],"about":[{"href":"https:\/\/tigerpalace.pro\/vi\/wp-json\/wp\/v2\/types\/page"}],"author":[{"embeddable":true,"href":"https:\/\/tigerpalace.pro\/vi\/wp-json\/wp\/v2\/users\/1"}],"replies":[{"embeddable":true,"href":"https:\/\/tigerpalace.pro\/vi\/wp-json\/wp\/v2\/comments?post=154"}],"version-history":[{"count":0,"href":"https:\/\/tigerpalace.pro\/vi\/wp-json\/wp\/v2\/pages\/154\/revisions"}],"wp:attachment":[{"href":"https:\/\/tigerpalace.pro\/vi\/wp-json\/wp\/v2\/media?parent=154"}],"curies":[{"name":"wp","href":"https:\/\/api.w.org\/{rel}","templated":true}]}}